{"id":69,"date":"2021-03-14T23:13:06","date_gmt":"2021-03-14T22:13:06","guid":{"rendered":"https:\/\/geoseminaire2021.teledetection.fr\/?page_id=69"},"modified":"2021-04-02T17:00:45","modified_gmt":"2021-04-02T15:00:45","slug":"organisation","status":"publish","type":"page","link":"https:\/\/geoseminaire2021.teledetection.fr\/?page_id=69","title":{"rendered":"ORGANISATION"},"content":{"rendered":"\t\t<div data-elementor-type=\"wp-page\" data-elementor-id=\"69\" class=\"elementor elementor-69\" data-elementor-settings=\"[]\">\n\t\t\t\t\t\t\t<div class=\"elementor-section-wrap\">\n\t\t\t\t\t\t\t<section class=\"elementor-section elementor-top-section elementor-element elementor-element-fdd8767 elementor-section-boxed elementor-section-height-default elementor-section-height-default\" data-id=\"fdd8767\" data-element_type=\"section\">\n\t\t\t\t\t\t<div class=\"elementor-container elementor-column-gap-default\">\n\t\t\t\t\t<div class=\"elementor-column elementor-col-100 elementor-top-column elementor-element elementor-element-e3a6b5b\" data-id=\"e3a6b5b\" data-element_type=\"column\">\n\t\t\t<div class=\"elementor-widget-wrap elementor-element-populated\">\n\t\t\t\t\t\t\t\t<div class=\"elementor-element elementor-element-1db1b60 elementor-widget elementor-widget-heading\" data-id=\"1db1b60\" data-element_type=\"widget\" data-widget_type=\"heading.default\">\n\t\t\t\t<div class=\"elementor-widget-container\">\n\t\t\t<h2 class=\"elementor-heading-title elementor-size-default\">Pr\u00e9sentation de l\u2019organisation<\/h2>\t\t<\/div>\n\t\t\t\t<\/div>\n\t\t\t\t<div class=\"elementor-element elementor-element-10745fd elementor-widget elementor-widget-text-editor\" data-id=\"10745fd\" data-element_type=\"widget\" data-widget_type=\"text-editor.default\">\n\t\t\t\t<div class=\"elementor-widget-container\">\n\t\t\t\t\t<div class=\"elementor-text-editor elementor-clearfix\"><p>\u00a0 \u00a0 \u00a0 L\u2019organisation de l\u2019\u00e9v\u00e9nement est g\u00e9r\u00e9e par les auditeurs du MS Silat qui composent la promotion 2020-2021. Nous travaillons avec l\u2019ensemble de l\u2019\u00e9quipe p\u00e9dagogique et des partenaires du G\u00e9os\u00e9minaire dans le but de mener \u00e0 bien ce projet.<\/p><p><img loading=\"lazy\" decoding=\"async\" src=\"https:\/\/geoseminaire2021.teledetection.fr\/wp-content\/uploads\/2021\/03\/logo_tot.jpg\" alt=\"\" width=\"1029\" height=\"91\" \/><\/p><p>\u00a0 \u00a0 \u00a0 \u00a0Le Mast\u00e8re SILAT est h\u00e9berg\u00e9 au sein de la Maison de la T\u00e9l\u00e9d\u00e9tection, p\u00f4le de recherche et d\u2019accueil de start-up dans le domaine de la g\u00e9omatique, et forme des managers de projets g\u00e9omatiques, experts en SIG et t\u00e9l\u00e9d\u00e9tection. Pour en savoir plus, vous pouvez consulter la page AgroParisTech d\u00e9di\u00e9e \u00e0 la formation en cliquant <a href=\"http:\/\/www2.agroparistech.fr\/-MS-SILAT-Systemes-d-informations-localisees-pour-l-amenagement-des-territoires-.html\" target=\"_blank\" rel=\"noopener\">ici<\/a>.<\/p><p><img loading=\"lazy\" decoding=\"async\" class=\"aligncenter\" src=\"https:\/\/geoseminaire2021.teledetection.fr\/wp-content\/uploads\/2021\/03\/photo_final_CT-1024x599.png\" alt=\"\" width=\"640\" height=\"374\" \/><\/p><p style=\"text-align: left;\"><strong>L\u2019excellence technologique de la formation :<\/strong><br \/>\u00a0 \u00a0 \u00a0 \u00a0Elle tient \u00e0 la ma\u00eetrise des concepts, des m\u00e9thodes et des outils de la g\u00e9omatique (SIG, t\u00e9l\u00e9d\u00e9tection et technologies connexes), mais aussi la connaissance et le suivi du contexte technologique \u00e9volutif du domaine ainsi que la connaissance du milieu professionnel concern\u00e9.<\/p><p><strong>Le management des projets :<\/strong><br \/>\u00a0 \u00a0 \u00a0 Ceci inclut non seulement la capacit\u00e9 \u00e0 mettre au point, \u00e0 conduire et \u00e0 \u00e9valuer un projet SI \/ SIG, mais aussi l\u2019appr\u00e9hension des jeux d\u2019acteurs, des enjeux strat\u00e9giques et des interactions dans les projets (interactions \u00e0 l\u2019int\u00e9rieur de l\u2019organisme et entre partenaires).<\/p><\/div>\n\t\t\t\t<\/div>\n\t\t\t\t<\/div>\n\t\t\t\t\t<\/div>\n\t\t<\/div>\n\t\t\t\t\t\t\t<\/div>\n\t\t<\/section>\n\t\t\t\t\t\t<\/div>\n\t\t\t\t\t<\/div>\n\t\t","protected":false},"excerpt":{"rendered":"<p>Pr\u00e9sentation de l\u2019organisation \u00a0 \u00a0 \u00a0 L\u2019organisation de l\u2019\u00e9v\u00e9nement est g\u00e9r\u00e9e par les auditeurs du MS Silat qui composent la promotion 2020-2021. Nous travaillons avec l\u2019ensemble de l\u2019\u00e9quipe p\u00e9dagogique et des partenaires du G\u00e9os\u00e9minaire dans le but de mener \u00e0 bien ce projet. \u00a0 \u00a0 \u00a0 \u00a0Le Mast\u00e8re SILAT est h\u00e9berg\u00e9 au sein de la &hellip; <\/p>\n","protected":false},"author":1,"featured_media":0,"parent":0,"menu_order":0,"comment_status":"closed","ping_status":"closed","template":"","meta":{"footnotes":""},"class_list":["post-69","page","type-page","status-publish","hentry"],"_links":{"self":[{"href":"https:\/\/geoseminaire2021.teledetection.fr\/index.php?rest_route=\/wp\/v2\/pages\/69","targetHints":{"allow":["GET"]}}],"collection":[{"href":"https:\/\/geoseminaire2021.teledetection.fr\/index.php?rest_route=\/wp\/v2\/pages"}],"about":[{"href":"https:\/\/geoseminaire2021.teledetection.fr\/index.php?rest_route=\/wp\/v2\/types\/page"}],"author":[{"embeddable":true,"href":"https:\/\/geoseminaire2021.teledetection.fr\/index.php?rest_route=\/wp\/v2\/users\/1"}],"replies":[{"embeddable":true,"href":"https:\/\/geoseminaire2021.teledetection.fr\/index.php?rest_route=%2Fwp%2Fv2%2Fcomments&post=69"}],"version-history":[{"count":23,"href":"https:\/\/geoseminaire2021.teledetection.fr\/index.php?rest_route=\/wp\/v2\/pages\/69\/revisions"}],"predecessor-version":[{"id":239,"href":"https:\/\/geoseminaire2021.teledetection.fr\/index.php?rest_route=\/wp\/v2\/pages\/69\/revisions\/239"}],"wp:attachment":[{"href":"https:\/\/geoseminaire2021.teledetection.fr\/index.php?rest_route=%2Fwp%2Fv2%2Fmedia&parent=69"}],"curies":[{"name":"wp","href":"https:\/\/api.w.org\/{rel}","templated":true}]}}