{"id":7,"date":"2021-03-08T19:00:47","date_gmt":"2021-03-08T18:00:47","guid":{"rendered":"https:\/\/geoseminaire2021.teledetection.fr\/?page_id=7"},"modified":"2021-04-02T16:49:41","modified_gmt":"2021-04-02T14:49:41","slug":"accueil","status":"publish","type":"page","link":"https:\/\/geoseminaire2021.teledetection.fr\/","title":{"rendered":"ACCUEIL"},"content":{"rendered":"\t\t<div data-elementor-type=\"wp-page\" data-elementor-id=\"7\" class=\"elementor elementor-7\" data-elementor-settings=\"[]\">\n\t\t\t\t\t\t\t<div class=\"elementor-section-wrap\">\n\t\t\t\t\t\t\t<section class=\"elementor-section elementor-top-section elementor-element elementor-element-2309453a elementor-section-boxed elementor-section-height-default elementor-section-height-default\" data-id=\"2309453a\" data-element_type=\"section\">\n\t\t\t\t\t\t<div class=\"elementor-container elementor-column-gap-default\">\n\t\t\t\t\t<div class=\"elementor-column elementor-col-100 elementor-top-column elementor-element elementor-element-5eb21b89\" data-id=\"5eb21b89\" data-element_type=\"column\">\n\t\t\t<div class=\"elementor-widget-wrap elementor-element-populated\">\n\t\t\t\t\t\t\t\t<div class=\"elementor-element elementor-element-7d0651b2 elementor-widget elementor-widget-text-editor\" data-id=\"7d0651b2\" data-element_type=\"widget\" data-widget_type=\"text-editor.default\">\n\t\t\t\t<div class=\"elementor-widget-container\">\n\t\t\t\t\t<div class=\"elementor-text-editor elementor-clearfix\"><p><!-- wp:paragraph --><\/p>\n<p><img loading=\"lazy\" decoding=\"async\" class=\"aligncenter wp-image-39 size-medium\" src=\"https:\/\/geoseminaire2021.teledetection.fr\/wp-content\/uploads\/2021\/03\/Logo-rouge-Fond-bleu-FINAL-e1615331994157-300x281.png\" alt=\"\" width=\"300\" height=\"281\" srcset=\"https:\/\/geoseminaire2021.teledetection.fr\/wp-content\/uploads\/2021\/03\/Logo-rouge-Fond-bleu-FINAL-e1615331994157-300x281.png 300w, https:\/\/geoseminaire2021.teledetection.fr\/wp-content\/uploads\/2021\/03\/Logo-rouge-Fond-bleu-FINAL-e1615331994157.png 310w\" sizes=\"auto, (max-width: 300px) 100vw, 300px\" \/><span style=\"color: var( --e-global-color-text ); font-family: var( --e-global-typography-text-font-family ), Sans-serif; font-size: 1em; font-weight: var( --e-global-typography-text-font-weight );\"><br><\/span><\/p>\n<p><span style=\"color: var( --e-global-color-text ); font-family: var( --e-global-typography-text-font-family ), Sans-serif; font-size: 1em; font-weight: var( --e-global-typography-text-font-weight );\">Bonjour \u00e0 toutes et \u00e0 tous,<\/span><\/p>\n<p><span style=\"color: var( --e-global-color-text ); font-family: var( --e-global-typography-text-font-family ), Sans-serif; font-weight: var( --e-global-typography-text-font-weight ); font-size: 1em;\">Exceptionnellement cette ann\u00e9e, le G\u00e9os\u00e9minaire sera organis\u00e9 en distanciel les 12, 13, 15 Avril 2021.<\/span><\/p>\n<p class=\"has-text-align-center\">Le th\u00e8me retenu de notre G\u00e9os\u00e9minaire est&nbsp;:<\/p>\n<p class=\"has-text-align-center\">\u00ab<strong>&nbsp;LA GEOMATIQUE AU SERVICE DE LA RESILIENCE<\/strong>&nbsp;\u00bb<\/p><p><!-- \/wp:paragraph --><\/p>\n<p><\/p><\/div>\n\t\t\t\t<\/div>\n\t\t\t\t<\/div>\n\t\t\t\t\t<\/div>\n\t\t<\/div>\n\t\t\t\t\t\t\t<\/div>\n\t\t<\/section>\n\t\t\t\t\t\t<\/div>\n\t\t\t\t\t<\/div>\n\t\t","protected":false},"excerpt":{"rendered":"<p>Bonjour \u00e0 toutes et \u00e0 tous, Exceptionnellement cette ann\u00e9e, le G\u00e9os\u00e9minaire sera organis\u00e9 en distanciel les 12, 13, 15 Avril 2021. Le th\u00e8me retenu de notre G\u00e9os\u00e9minaire est&nbsp;: \u00ab&nbsp;LA GEOMATIQUE AU SERVICE DE LA RESILIENCE&nbsp;\u00bb<\/p>\n","protected":false},"author":1,"featured_media":0,"parent":0,"menu_order":0,"comment_status":"closed","ping_status":"closed","template":"","meta":{"footnotes":""},"class_list":["post-7","page","type-page","status-publish","hentry"],"_links":{"self":[{"href":"https:\/\/geoseminaire2021.teledetection.fr\/index.php?rest_route=\/wp\/v2\/pages\/7","targetHints":{"allow":["GET"]}}],"collection":[{"href":"https:\/\/geoseminaire2021.teledetection.fr\/index.php?rest_route=\/wp\/v2\/pages"}],"about":[{"href":"https:\/\/geoseminaire2021.teledetection.fr\/index.php?rest_route=\/wp\/v2\/types\/page"}],"author":[{"embeddable":true,"href":"https:\/\/geoseminaire2021.teledetection.fr\/index.php?rest_route=\/wp\/v2\/users\/1"}],"replies":[{"embeddable":true,"href":"https:\/\/geoseminaire2021.teledetection.fr\/index.php?rest_route=%2Fwp%2Fv2%2Fcomments&post=7"}],"version-history":[{"count":40,"href":"https:\/\/geoseminaire2021.teledetection.fr\/index.php?rest_route=\/wp\/v2\/pages\/7\/revisions"}],"predecessor-version":[{"id":236,"href":"https:\/\/geoseminaire2021.teledetection.fr\/index.php?rest_route=\/wp\/v2\/pages\/7\/revisions\/236"}],"wp:attachment":[{"href":"https:\/\/geoseminaire2021.teledetection.fr\/index.php?rest_route=%2Fwp%2Fv2%2Fmedia&parent=7"}],"curies":[{"name":"wp","href":"https:\/\/api.w.org\/{rel}","templated":true}]}}